{"id":45,"date":"2026-02-01T18:49:02","date_gmt":"2026-02-01T09:49:02","guid":{"rendered":"https:\/\/repair-hands.com\/gaiheki-senjyo\/?page_id=45"},"modified":"2026-02-22T18:57:50","modified_gmt":"2026-02-22T09:57:50","slug":"contact","status":"publish","type":"page","link":"https:\/\/www.repair-hands.com\/gaiheki-senjyo\/contact\/","title":{"rendered":"\u304a\u554f\u5408\u305b\u30fb\u304a\u7533\u8fbc"},"content":{"rendered":"<div style=\"background: #fff3b0; padding: 14px; border-radius: 6px; margin-bottom: 20px;\"><strong>\u65bd\u5de5\u4f53\u5236<\/strong><br \/>\n<span style=\"color: #ff0000;\"><strong>\u304a\u898b\u7a4d\u308a\u304b\u3089\u3054\u5951\u7d04\u30fb\u65bd\u5de5\u307e\u3067\u3001\u682a\u5f0f\u4f1a\u793eAXIS\uff08\u5916\u58c1\u30af\u30ea\u30fc\u30cb\u30f3\u30b0\uff09\u304c\u4e00\u8cab\u3057\u3066\u76f4\u63a5\u5bfe\u5fdc<\/strong><\/span>\u3044\u305f\u3057\u307e\u3059\u3002<\/div>\n<p><span style=\"font-size: 100%;\"><div class=\"st-kaiwa-box clearfix kaiwaicon1\">\r\n\t<div class=\"st-kaiwa-face\"><img decoding=\"async\" src=\"https:\/\/www.repair-hands.com\/gaiheki-senjyo\/wp-content\/uploads\/2026\/02\/34169695_s.jpg\" alt=\"\u62c5\u5f53\uff1a\u7551\u4e2d\" width=\"100\" height=\"100\">\r\n\t\t<div class=\"st-kaiwa-face-name\">\u62c5\u5f53\uff1a\u7551\u4e2d<\/div>\r\n\t<\/div>\r\n\t<div class=\"st-kaiwa-area\">\r\n\t\t<div class=\"st-kaiwa-hukidashi\">\u304a\u554f\u5408\u305b\u306e\u4ed6\u3001\u304a\u898b\u7a4d\u308a\u7b49\u3082\u30e1\u30fc\u30eb\u30d5\u30a9\u30fc\u30e0\u3001\u304a\u5e97LINE\u3001LINE\u30b3\u30fc\u30eb\u306b\u3066\u53d7\u4ed8\u3057\u3066\u304a\u308a\u307e\u3059\u3002<\/div>\r\n\t<\/div>\r\n<\/div><\/span><\/p>\n<div class=\"graybox\"><strong><span style=\"font-size: 100%;\">\u3010LINE\u30fbLINE\u30b3\u30fc\u30eb\u3067\u306e\u304a\u554f\u5408\u305b\u3011<br \/>\n<\/span><\/strong><span style=\"font-size: 100%;\">\u4e0b\u306e\u30dc\u30bf\u30f3\u304b\u3089\u300c\u53cb\u3060\u3061\u8ffd\u52a0\u300d\u3092\u30bf\u30c3\u30d7\u3057\u3001\u30e1\u30c3\u30bb\u30fc\u30b8\u30fb\u304a\u5199\u771f\u3092\u304a\u9001\u308a\u304f\u3060\u3055\u3044\u3002<br \/>\n\u203b\u53cb\u3060\u3061\u8ffd\u52a0\u5f8c\u306b<span style=\"color: #ff0000;\"><strong>LINE\u30b3\u30fc\u30eb\u306b\u3066\u3001\u96fb\u8a71\u3082\u53ef\u80fd<\/strong><\/span>\u3067\u3059\u3002<br \/>\n<\/span><br \/>\n<span style=\"font-size: 100%;\"><span style=\"font-size: 100%;\"><span style=\"font-size: 100%;\"><span style=\"font-size: 100%;\"><a href=\"https:\/\/lin.ee\/p9CboRM\"><img decoding=\"async\" src=\"https:\/\/scdn.line-apps.com\/n\/line_add_friends\/btn\/ja.png\" alt=\"\u53cb\u3060\u3061\u8ffd\u52a0\" height=\"36\" border=\"0\" \/><\/a><br \/>\n&#8212;&#8212;&#8212;<br \/>\n<\/span><\/span><\/span><\/span><span style=\"font-size: 100%;\">\u30fb\u304a\u540d\u524d<br \/>\n\u30fb\u3054\u4f4f\u6240<br \/>\n\u30fb\u96fb\u8a71\u756a\u53f7<br \/>\n\u30fb\u7bc9\u5e74\u6570<br \/>\n\u30fb\u6d17\u6d44\u5e0c\u671b\u7b87\u6240\uff08\u4f8b\uff1a\u5916\u58c14\u9762\u3001\u5840\uff09<br \/>\n<strong>\u30fb<span class=\"rmarker\">\u6d17\u6d44\u7b87\u6240\u306e\u304a\u5199\u771f\u306a\u3069\u3082\u304a\u9001\u308a\u4e0b\u3055\u3044\u3002<\/span><\/strong><br \/>\n<span class=\"ymarker\">\u3054\u4e0d\u660e\u306a\u70b9\u304c\u3042\u308c\u3070\u304a\u6c17\u8efd\u306b\u304a\u554f\u3044\u5408\u308f\u305b\u304f\u3060\u3055\u3044\u3002<\/span><br \/>\n<\/span><\/div>\n<div class=\"graybox\"><strong><span style=\"font-size: 100%;\">\u3010\u30e1\u30fc\u30eb\u30d5\u30a9\u30fc\u30e0\u304b\u3089\u306e\u304a\u554f\u5408\u305b\u3011<\/span><\/strong><br \/>\n<span style=\"font-size: 100%;\">\u4e0b\u8a18\u306b\u5fc5\u8981\u4e8b\u9805\u3092\u5165\u529b\u3057\u3066\u9001\u4fe1\u3057\u3066\u304f\u3060\u3055\u3044\u3002<br \/>\n\n<div class=\"wpcf7 no-js\" id=\"wpcf7-f36-o1\" lang=\"ja\" dir=\"ltr\" data-wpcf7-id=\"36\">\n<div class=\"screen-reader-response\"><p role=\"status\" aria-live=\"polite\" aria-atomic=\"true\"><\/p> <ul><\/ul><\/div>\n<form action=\"\/gaiheki-senjyo\/wp-json\/wp\/v2\/pages\/45#wpcf7-f36-o1\" method=\"post\" class=\"wpcf7-form init\" aria-label=\"\u30b3\u30f3\u30bf\u30af\u30c8\u30d5\u30a9\u30fc\u30e0\" enctype=\"multipart\/form-data\" novalidate=\"novalidate\" data-status=\"init\">\n<fieldset class=\"hidden-fields-container\"><input type=\"hidden\" name=\"_wpcf7\" value=\"36\" \/><input type=\"hidden\" name=\"_wpcf7_version\" value=\"6.1.5\" \/><input type=\"hidden\" name=\"_wpcf7_locale\" value=\"ja\" \/><input type=\"hidden\" name=\"_wpcf7_unit_tag\" value=\"wpcf7-f36-o1\" \/><input type=\"hidden\" name=\"_wpcf7_container_post\" value=\"0\" \/><input type=\"hidden\" name=\"_wpcf7_posted_data_hash\" value=\"\" \/>\n<\/fieldset>\n<p>\u304a\u540d\u524d<span class=\"asterisk\">\uff08\u5fc5\u9808\uff09<\/span><br \/>\n<span class=\"wpcf7-form-control-wrap\" data-name=\"your-name\"><input size=\"40\" maxlength=\"400\" class=\"wpcf7-form-control wpcf7-text wpcf7-validates-as-required\" aria-required=\"true\" aria-invalid=\"false\" placeholder=\"\u4f8b\uff09\u30a6\u30a9\u30c3\u30b7\u30e5 \u82b1\u5b50\" value=\"\" type=\"text\" name=\"your-name\" \/><\/span>\n<\/p>\n<p>\u30e1\u30fc\u30eb\u30a2\u30c9\u30ec\u30b9<span class=\"asterisk\">\uff08\u5fc5\u9808\uff09<\/span><br \/>\n<span class=\"wpcf7-form-control-wrap\" data-name=\"your-email\"><input size=\"40\" maxlength=\"400\" class=\"wpcf7-form-control wpcf7-email wpcf7-validates-as-required wpcf7-text wpcf7-validates-as-email\" aria-required=\"true\" aria-invalid=\"false\" placeholder=\"\u4f8b\uff09\u00d7\u00d7\u00d7@example.com\" value=\"\" type=\"email\" name=\"your-email\" \/><\/span>\n<\/p>\n<p>\u3054\u4f4f\u6240<span class=\"asterisk\">\uff08\u5fc5\u9808\uff09<\/span><br \/>\n<span class=\"wpcf7-form-control-wrap\" data-name=\"text-587\"><input size=\"40\" maxlength=\"400\" class=\"wpcf7-form-control wpcf7-text wpcf7-validates-as-required\" aria-required=\"true\" aria-invalid=\"false\" placeholder=\"\u4f8b\uff09\u798f\u5cf6\u770c\u25cb\u25cb\u5e02\u00d7\u00d7\u753a1-2-3\" value=\"\" type=\"text\" name=\"text-587\" \/><\/span>\n<\/p>\n<p>\u304a\u96fb\u8a71<span class=\"asterisk\">\uff08\u5fc5\u9808\uff09<\/span><br \/>\n<span class=\"wpcf7-form-control-wrap\" data-name=\"tel-172\"><input size=\"40\" maxlength=\"400\" class=\"wpcf7-form-control wpcf7-tel wpcf7-validates-as-required wpcf7-text wpcf7-validates-as-tel\" aria-required=\"true\" aria-invalid=\"false\" value=\"\" type=\"tel\" name=\"tel-172\" \/><\/span>\n<\/p>\n<p>\u304a\u4f4f\u307e\u3044\u306e\u30bf\u30a4\u30d7<span class=\"asterisk\">\uff08\u5fc5\u9808\uff09<\/span><br \/>\n<span class=\"wpcf7-form-control-wrap\" data-name=\"checkbox-584\"><span class=\"wpcf7-form-control wpcf7-checkbox wpcf7-validates-as-required\"><span class=\"wpcf7-list-item first\"><input type=\"checkbox\" name=\"checkbox-584[]\" value=\"\u4e00\u6238\u5efa\u3066\" \/><span class=\"wpcf7-list-item-label\">\u4e00\u6238\u5efa\u3066<\/span><\/span><span class=\"wpcf7-list-item\"><input type=\"checkbox\" name=\"checkbox-584[]\" value=\"\u30de\u30f3\u30b7\u30e7\u30f3\uff08\u5206\u8b72\uff09\" \/><span class=\"wpcf7-list-item-label\">\u30de\u30f3\u30b7\u30e7\u30f3\uff08\u5206\u8b72\uff09<\/span><\/span><span class=\"wpcf7-list-item\"><input type=\"checkbox\" name=\"checkbox-584[]\" value=\"\u30de\u30f3\u30b7\u30e7\u30f3\u30fb\u30a2\u30d1\u30fc\u30c8\uff08\u8cc3\u8cb8\uff09\" \/><span class=\"wpcf7-list-item-label\">\u30de\u30f3\u30b7\u30e7\u30f3\u30fb\u30a2\u30d1\u30fc\u30c8\uff08\u8cc3\u8cb8\uff09<\/span><\/span><span class=\"wpcf7-list-item\"><input type=\"checkbox\" name=\"checkbox-584[]\" value=\"\u5e97\u8217\u30fb\u4e8b\u52d9\u6240\" \/><span class=\"wpcf7-list-item-label\">\u5e97\u8217\u30fb\u4e8b\u52d9\u6240<\/span><\/span><span class=\"wpcf7-list-item last\"><input type=\"checkbox\" name=\"checkbox-584[]\" value=\"\u305d\u306e\u4ed6\" \/><span class=\"wpcf7-list-item-label\">\u305d\u306e\u4ed6<\/span><\/span><\/span><\/span>\n<\/p>\n<p>\u73fe\u5834\u72b6\u6cc1<span class=\"asterisk\">\uff08\u5fc5\u9808\uff09<\/span><br \/>\n<span class=\"wpcf7-form-control-wrap\" data-name=\"checkbox-276\"><span class=\"wpcf7-form-control wpcf7-checkbox wpcf7-validates-as-required\"><span class=\"wpcf7-list-item first\"><input type=\"checkbox\" name=\"checkbox-276[]\" value=\"\u5728\u5b85\uff08\u73fe\u5728\u4f4f\u3093\u3067\u3044\u308b\uff09\" \/><span class=\"wpcf7-list-item-label\">\u5728\u5b85\uff08\u73fe\u5728\u4f4f\u3093\u3067\u3044\u308b\uff09<\/span><\/span><span class=\"wpcf7-list-item last\"><input type=\"checkbox\" name=\"checkbox-276[]\" value=\"\u7a7a\u5bb6\uff08\u73fe\u5728\u7a7a\u3044\u3066\u3044\u308b\uff09\" \/><span class=\"wpcf7-list-item-label\">\u7a7a\u5bb6\uff08\u73fe\u5728\u7a7a\u3044\u3066\u3044\u308b\uff09<\/span><\/span><\/span><\/span>\n<\/p>\n<p>\u6d17\u6d44\u5e0c\u671b\u7b87\u6240<span class=\"asterisk\">\uff08\u5fc5\u9808\uff09<\/span><br \/>\n<span class=\"wpcf7-form-control-wrap\" data-name=\"checkbox-300\"><span class=\"wpcf7-form-control wpcf7-checkbox wpcf7-validates-as-required\"><span class=\"wpcf7-list-item first\"><input type=\"checkbox\" name=\"checkbox-300[]\" value=\"\u5916\u58c1(\u6771\u9762)\" \/><span class=\"wpcf7-list-item-label\">\u5916\u58c1(\u6771\u9762)<\/span><\/span><span class=\"wpcf7-list-item\"><input type=\"checkbox\" name=\"checkbox-300[]\" value=\"\u5916\u58c1(\u897f\u9762)\" \/><span class=\"wpcf7-list-item-label\">\u5916\u58c1(\u897f\u9762)<\/span><\/span><span class=\"wpcf7-list-item\"><input type=\"checkbox\" name=\"checkbox-300[]\" value=\"\u5916\u58c1(\u5357\u9762)\" \/><span class=\"wpcf7-list-item-label\">\u5916\u58c1(\u5357\u9762)<\/span><\/span><span class=\"wpcf7-list-item\"><input type=\"checkbox\" name=\"checkbox-300[]\" value=\"\u5916\u58c1(\u5317\u9762)\" \/><span class=\"wpcf7-list-item-label\">\u5916\u58c1(\u5317\u9762)<\/span><\/span><span class=\"wpcf7-list-item\"><input type=\"checkbox\" name=\"checkbox-300[]\" value=\"\u30ab\u30fc\u30dd\u30fc\u30c8\" \/><span class=\"wpcf7-list-item-label\">\u30ab\u30fc\u30dd\u30fc\u30c8<\/span><\/span><span class=\"wpcf7-list-item\"><input type=\"checkbox\" name=\"checkbox-300[]\" value=\"\u96e8\u3069\u3044\" \/><span class=\"wpcf7-list-item-label\">\u96e8\u3069\u3044<\/span><\/span><span class=\"wpcf7-list-item\"><input type=\"checkbox\" name=\"checkbox-300[]\" value=\"\u30d9\u30e9\u30f3\u30c0\" \/><span class=\"wpcf7-list-item-label\">\u30d9\u30e9\u30f3\u30c0<\/span><\/span><span class=\"wpcf7-list-item\"><input type=\"checkbox\" name=\"checkbox-300[]\" value=\"\u7384\u95a2\u307e\u308f\u308a\" \/><span class=\"wpcf7-list-item-label\">\u7384\u95a2\u307e\u308f\u308a<\/span><\/span><span class=\"wpcf7-list-item last\"><input type=\"checkbox\" name=\"checkbox-300[]\" value=\"\u5840\u3001\u99d0\u8eca\u5834\" \/><span class=\"wpcf7-list-item-label\">\u5840\u3001\u99d0\u8eca\u5834<\/span><\/span><\/span><\/span>\n<\/p>\n<p>\u99d0\u8eca\u30b9\u30da\u30fc\u30b9\u306e\u6709\u7121<span class=\"asterisk\">\uff08\u5fc5\u9808\uff09<\/span><br \/>\n<span class=\"wpcf7-form-control-wrap\" data-name=\"checkbox-185\"><span class=\"wpcf7-form-control wpcf7-checkbox wpcf7-validates-as-required\"><span class=\"wpcf7-list-item first\"><input type=\"checkbox\" name=\"checkbox-185[]\" value=\"\u99d0\u8eca\u5834\u3042\u308a\" \/><span class=\"wpcf7-list-item-label\">\u99d0\u8eca\u5834\u3042\u308a<\/span><\/span><span class=\"wpcf7-list-item last\"><input type=\"checkbox\" name=\"checkbox-185[]\" value=\"\u99d0\u8eca\u5834\u306a\u3057\" \/><span class=\"wpcf7-list-item-label\">\u99d0\u8eca\u5834\u306a\u3057<\/span><\/span><\/span><\/span>\n<\/p>\n<p>\u7d0d\u671f<span class=\"asterisk\">\uff08\u5fc5\u9808\uff09<\/span><br \/>\n<span class=\"wpcf7-form-control-wrap\" data-name=\"checkbox-515\"><span class=\"wpcf7-form-control wpcf7-checkbox wpcf7-validates-as-required\"><span class=\"wpcf7-list-item first\"><input type=\"checkbox\" name=\"checkbox-515[]\" value=\"1\u9031\u9593\u4ee5\u5185\" \/><span class=\"wpcf7-list-item-label\">1\u9031\u9593\u4ee5\u5185<\/span><\/span><span class=\"wpcf7-list-item\"><input type=\"checkbox\" name=\"checkbox-515[]\" value=\"2\u9031\u9593\uff5e3\u9031\u9593\u4ee5\u5185\" \/><span class=\"wpcf7-list-item-label\">2\u9031\u9593\uff5e3\u9031\u9593\u4ee5\u5185<\/span><\/span><span class=\"wpcf7-list-item last\"><input type=\"checkbox\" name=\"checkbox-515[]\" value=\"1\u30f6\u6708\u4ee5\u5185\uff08\u5f53\u5e97\u306e\u4e88\u5b9a\u306b\u304a\u307e\u304b\u305b\uff09\" \/><span class=\"wpcf7-list-item-label\">1\u30f6\u6708\u4ee5\u5185\uff08\u5f53\u5e97\u306e\u4e88\u5b9a\u306b\u304a\u307e\u304b\u305b\uff09<\/span><\/span><\/span><\/span>\n<\/p>\n<p>\u4f55\u304b\u3054\u4e0d\u660e\u306a\u70b9\u304c\u3054\u3056\u3044\u307e\u3057\u305f\u3089\u3001\u304a\u6c17\u8efd\u306b\u3054\u8a18\u8f09\u4e0b\u3055\u3044\u3002<br \/>\n<span class=\"wpcf7-form-control-wrap\" data-name=\"your-message\"><textarea cols=\"40\" rows=\"5\" maxlength=\"2000\" class=\"wpcf7-form-control wpcf7-textarea\" aria-invalid=\"false\" name=\"your-message\"><\/textarea><\/span>\n<\/p>\n<p>\u203b\u2605\u6d17\u6d44\u7b87\u6240\u306e\u304a\u5199\u771f\u306a\u3069\u3082\u304a\u9001\u308a\u4e0b\u3055\u3044\u3002\u5404\u6dfb\u4ed8\u30d5\u30a1\u30a4\u30eb\u3067\u300c\u4e0a\u96505MB\u300d\u307e\u3067\u306b\u306a\u3063\u3066\u304a\u308a\u307e\u3059\u3002<br \/>\n\u6dfb\u4ed8\u53ef\u80fd\u30d5\u30a1\u30a4\u30eb\u3010jpg|jpeg|png|gif|pdf|doc|docx|ppt|pptx\u3011<br \/>\n<span class=\"wpcf7-form-control-wrap\" data-name=\"file-477\"><input size=\"40\" class=\"wpcf7-form-control wpcf7-file\" accept=\".jpg,.jpeg,.png,.gif,.pdf,.doc,.docx,.ppt,.pptx\" aria-invalid=\"false\" type=\"file\" name=\"file-477\" \/><\/span><br \/>\n<span class=\"wpcf7-form-control-wrap\" data-name=\"file-478\"><input size=\"40\" class=\"wpcf7-form-control wpcf7-file\" accept=\".jpg,.jpeg,.png,.gif,.pdf,.doc,.docx,.ppt,.pptx\" aria-invalid=\"false\" type=\"file\" name=\"file-478\" \/><\/span><br \/>\n<span class=\"wpcf7-form-control-wrap\" data-name=\"file-479\"><input size=\"40\" class=\"wpcf7-form-control wpcf7-file\" accept=\".jpg,.jpeg,.png,.gif,.pdf,.doc,.docx,.ppt,.pptx\" aria-invalid=\"false\" type=\"file\" name=\"file-479\" \/><\/span><br \/>\n<span class=\"wpcf7-form-control-wrap\" data-name=\"file-480\"><input size=\"40\" class=\"wpcf7-form-control wpcf7-file\" accept=\".jpg,.jpeg,.png,.gif,.pdf,.doc,.docx,.ppt,.pptx\" aria-invalid=\"false\" type=\"file\" name=\"file-480\" \/><\/span><br \/>\n<span class=\"wpcf7-form-control-wrap\" data-name=\"file-481\"><input size=\"40\" class=\"wpcf7-form-control wpcf7-file\" accept=\".jpg,.jpeg,.png,.gif,.pdf,.doc,.docx,.ppt,.pptx\" aria-invalid=\"false\" type=\"file\" name=\"file-481\" \/><\/span>\n<\/p>\n<p>\u78ba\u8a8d\u753b\u9762\u306f\u51fa\u307e\u305b\u3093\u306e\u3067\u3001\u9001\u4fe1\u524d\u306b\u3082\u3046\u4e00\u5ea6\u5185\u5bb9\u3092\u304a\u78ba\u304b\u3081\u304f\u3060\u3055\u3044\u3002<br \/>\n\u304a\u540d\u524d\u3068\u30e1\u30fc\u30eb\u30a2\u30c9\u30ec\u30b9\u306f\u5fc5\u9808\u9805\u76ee<span class=\"asterisk\">*<\/span>\u3067\u3059\u3002<br \/>\n<input class=\"wpcf7-form-control wpcf7-submit has-spinner\" type=\"submit\" value=\"\u78ba\u8a8d\u3057\u305f\u306e\u3067\u30e1\u30fc\u30eb\u3092\u9001\u4fe1\u3059\u308b\" \/>\n<\/p><div class=\"wpcf7-response-output\" aria-hidden=\"true\"><\/div>\n<\/form>\n<\/div>\n<br \/>\n<\/span><\/div>\n","protected":false},"excerpt":{"rendered":"<p>\u65bd\u5de5\u4f53\u5236 \u304a\u898b\u7a4d\u308a\u304b\u3089\u3054\u5951\u7d04\u30fb\u65bd\u5de5\u307e\u3067\u3001\u682a\u5f0f\u4f1a\u793eAXIS\uff08\u5916\u58c1\u30af\u30ea\u30fc\u30cb\u30f3\u30b0\uff09\u304c\u4e00\u8cab\u3057\u3066\u76f4\u63a5\u5bfe\u5fdc\u3044\u305f\u3057\u307e\u3059\u3002 \u3010LINE\u30fbLINE\u30b3\u30fc\u30eb\u3067\u306e\u304a\u554f\u5408\u305b\u3011 \u4e0b\u306e\u30dc\u30bf\u30f3\u304b\u3089\u300c\u53cb\u3060\u3061\u8ffd\u52a0\u300d\u3092\u30bf\u30c3\u30d7\u3057\u3001\u30e1\u30c3\u30bb\u30fc\u30b8 &#8230; <\/p>\n","protected":false},"author":1,"featured_media":0,"parent":0,"menu_order":0,"comment_status":"closed","ping_status":"closed","template":"","meta":{"footnotes":""},"class_list":["post-45","page","type-page","status-publish","hentry"],"_links":{"self":[{"href":"https:\/\/www.repair-hands.com\/gaiheki-senjyo\/wp-json\/wp\/v2\/pages\/45","targetHints":{"allow":["GET"]}}],"collection":[{"href":"https:\/\/www.repair-hands.com\/gaiheki-senjyo\/wp-json\/wp\/v2\/pages"}],"about":[{"href":"https:\/\/www.repair-hands.com\/gaiheki-senjyo\/wp-json\/wp\/v2\/types\/page"}],"author":[{"embeddable":true,"href":"https:\/\/www.repair-hands.com\/gaiheki-senjyo\/wp-json\/wp\/v2\/users\/1"}],"replies":[{"embeddable":true,"href":"https:\/\/www.repair-hands.com\/gaiheki-senjyo\/wp-json\/wp\/v2\/comments?post=45"}],"version-history":[{"count":6,"href":"https:\/\/www.repair-hands.com\/gaiheki-senjyo\/wp-json\/wp\/v2\/pages\/45\/revisions"}],"predecessor-version":[{"id":133,"href":"https:\/\/www.repair-hands.com\/gaiheki-senjyo\/wp-json\/wp\/v2\/pages\/45\/revisions\/133"}],"wp:attachment":[{"href":"https:\/\/www.repair-hands.com\/gaiheki-senjyo\/wp-json\/wp\/v2\/media?parent=45"}],"curies":[{"name":"wp","href":"https:\/\/api.w.org\/{rel}","templated":true}]}}